{"id":58,"date":"2019-11-15T18:46:50","date_gmt":"2019-11-15T17:46:50","guid":{"rendered":"http:\/\/ivqfdzl.cluster028.hosting.ovh.net\/?page_id=58"},"modified":"2021-02-05T21:44:59","modified_gmt":"2021-02-05T20:44:59","slug":"accueil","status":"publish","type":"page","link":"https:\/\/www.pharmacieduhautpays.fr\/","title":{"rendered":"Accueil"},"content":{"rendered":"\n<figure class=\"wp-block-image\"><a href=\"https:\/\/goo.gl\/maps\/aqHPcUsqGTFfDT1m9\" target=\"_blank\" rel=\"noreferrer noopener\"><img loading=\"lazy\" decoding=\"async\" width=\"912\" height=\"320\" src=\"http:\/\/ivqfdzl.cluster028.hosting.ovh.net\/wp-content\/uploads\/2019\/11\/Adresse_localisation.png\" alt=\"\" class=\"wp-image-66\" srcset=\"https:\/\/www.pharmacieduhautpays.fr\/wp-content\/uploads\/2019\/11\/Adresse_localisation.png 912w, https:\/\/www.pharmacieduhautpays.fr\/wp-content\/uploads\/2019\/11\/Adresse_localisation-300x105.png 300w, https:\/\/www.pharmacieduhautpays.fr\/wp-content\/uploads\/2019\/11\/Adresse_localisation-768x269.png 768w\" sizes=\"(max-width: 912px) 100vw, 912px\" \/><\/a><\/figure>\n\n\n\n<h3 class=\"wp-block-heading\">Horaires d&#8217;ouverture<\/h3>\n\n\n\n<ul><li>                 <strong>LUNDI<\/strong>  :  14h30 &#8211; 19h00                            <\/li><li>                 <strong>MARDI<\/strong> :   09h00 &#8211; 12h30 \/ 14h30 &#8211; 19h00                            <\/li><li>                 <strong>MERCREDI<\/strong>  :  09h00 &#8211; 12h30 \/ 14h30 &#8211; 19h00                            <\/li><li>                 <strong>JEUDI<\/strong>   :   09h00 &#8211; 12h30 \/ 14h30 &#8211; 19h00                            <\/li><li>                 <strong>VENDREDI&nbsp; : &nbsp;<\/strong> 09h00 &#8211; 12h30 \/ 14h30 &#8211; 19h00                            <\/li><li>                 <strong>SAMEDI<\/strong>  :   09h00 &#8211; 12h30 \/ 14h30 &#8211; 18h30                            <\/li><li>                 <strong>DIMANCHE<\/strong> Ferm\u00e9                            <\/li><li>                 <strong>ET AUSSI<\/strong> La pharmacie est ferm\u00e9e le samedi apr\u00e8s-midi en juillet et en ao\u00fbt.<\/li><\/ul>\n\n\n<style type=\"text\/css\">.easingslider-122 { max-width: 640px; }.easingslider-122 .easingslider-image { max-height: 400px; max-width: 640px; }.easingslider-122 .easingslider-fade-in, .easingslider-fade-out { -webkit-animation-duration: 400ms; -moz-animation-duration: 400ms; animation-duration: 400ms; }<\/style><script type=\"text\/javascript\">window.EasingSlider122 = {\"width\":640,\"height\":400,\"singleItem\":true,\"items\":1,\"itemsDesktop\":false,\"itemsDesktopSmall\":false,\"itemsTablet\":false,\"itemsTabletSmall\":false,\"itemsMobile\":false,\"responsive\":true,\"lazyLoad\":true,\"autoPlay\":4000,\"slideSpeed\":400,\"navigation\":true,\"navigationText\":[\"\",\"\"],\"pagination\":true,\"autoHeight\":false,\"mouseDrag\":false,\"touchDrag\":false,\"addClassActive\":true,\"transitionStyle\":\"fade\"};<\/script><div data-id=\"122\" class=\"easingslider easingslider-122 easingslider-container easingslider-resizing-enabled easingslider-aspect-ratio easingslider-arrows-inside easingslider-pagination-inside easingslider-pagination-bottom-center\"><div class=\"easingslider-slide\"><img decoding=\"async\" src=\"https:\/\/www.pharmacieduhautpays.fr\/wp-content\/plugins\/easing-slider\/assets\/images\/placeholder-pixel.png\" data-src=\"https:\/\/www.pharmacieduhautpays.fr\/wp-content\/uploads\/2019\/11\/photo_pharmacie_ext-1-640x400.jpg\" alt=\"\" title=\"\" class=\"easingslider-image easingslider-lazy\" \/><\/div><div class=\"easingslider-slide\"><img decoding=\"async\" src=\"https:\/\/www.pharmacieduhautpays.fr\/wp-content\/plugins\/easing-slider\/assets\/images\/placeholder-pixel.png\" data-src=\"https:\/\/www.pharmacieduhautpays.fr\/wp-content\/uploads\/2019\/11\/Photo_int_Pharmacie-1-640x400.jpg\" alt=\"\" title=\"\" class=\"easingslider-image easingslider-lazy\" \/><\/div><\/div>\n\n\n\n<p><\/p>\n","protected":false},"excerpt":{"rendered":"<p>Horaires d&#8217;ouverture LUNDI : 14h30 &#8211; 19h00 MARDI : 09h00 &#8211; 12h30 \/ 14h30 &#8211; 19h00 MERCREDI : 09h00 &#8211; 12h30 \/ 14h30 &#8211; 19h00 JEUDI : 09h00 &#8211; 12h30 \/ 14h30 &#8211; 19h00 VENDREDI&nbsp; : &nbsp; 09h00 &#8211; 12h30 \/ 14h30 &#8211; 19h00 SAMEDI : 09h00 &#8211; 12h30 \/ 14h30 &#8211; 18h30 DIMANCHE Ferm\u00e9 &#8230; <a title=\"Accueil\" class=\"read-more\" href=\"https:\/\/www.pharmacieduhautpays.fr\/\">Lire la suite<span class=\"screen-reader-text\">Accueil<\/span><\/a><\/p>\n","protected":false},"author":1,"featured_media":0,"parent":0,"menu_order":0,"comment_status":"closed","ping_status":"closed","template":"","meta":{"footnotes":""},"_links":{"self":[{"href":"https:\/\/www.pharmacieduhautpays.fr\/index.php\/wp-json\/wp\/v2\/pages\/58"}],"collection":[{"href":"https:\/\/www.pharmacieduhautpays.fr\/index.php\/wp-json\/wp\/v2\/pages"}],"about":[{"href":"https:\/\/www.pharmacieduhautpays.fr\/index.php\/wp-json\/wp\/v2\/types\/page"}],"author":[{"embeddable":true,"href":"https:\/\/www.pharmacieduhautpays.fr\/index.php\/wp-json\/wp\/v2\/users\/1"}],"replies":[{"embeddable":true,"href":"https:\/\/www.pharmacieduhautpays.fr\/index.php\/wp-json\/wp\/v2\/comments?post=58"}],"version-history":[{"count":18,"href":"https:\/\/www.pharmacieduhautpays.fr\/index.php\/wp-json\/wp\/v2\/pages\/58\/revisions"}],"predecessor-version":[{"id":306,"href":"https:\/\/www.pharmacieduhautpays.fr\/index.php\/wp-json\/wp\/v2\/pages\/58\/revisions\/306"}],"wp:attachment":[{"href":"https:\/\/www.pharmacieduhautpays.fr\/index.php\/wp-json\/wp\/v2\/media?parent=58"}],"curies":[{"name":"wp","href":"https:\/\/api.w.org\/{rel}","templated":true}]}}